{"id":10440,"date":"2025-12-18T16:14:34","date_gmt":"2025-12-18T15:14:34","guid":{"rendered":"https:\/\/bindicumpra.com\/?post_type=product&#038;p=10440"},"modified":"2025-12-22T11:09:47","modified_gmt":"2025-12-22T10:09:47","slug":"les-secrets-de-la-creativite","status":"publish","type":"product","link":"https:\/\/bindicumpra.com\/en\/product-2\/les-secrets-de-la-creativite\/","title":{"rendered":"The Secrets of Creativity"},"content":{"rendered":"<p>Ce livre propose un voyage passionnant au c\u0153ur de la cr\u00e9ativit\u00e9. \u00c0 travers des exemples pratiques, des exercices et des conseils d\u2019experts, il aide les lecteurs \u00e0 :<\/p>\n<ul>\n<li>D\u00e9velopper leur pens\u00e9e originale<\/li>\n<li>Surmonter les blocages cr\u00e9atifs<\/li>\n<li>Transformer leurs id\u00e9es en projets r\u00e9ussis<\/li>\n<li>Trouver l\u2019\u00e9quilibre entre inspiration et discipline<\/li>\n<\/ul>\n<p>Id\u00e9al pour les \u00e9tudiants, entrepreneurs, artistes et toute personne en qu\u00eate d\u2019innovation dans son quotidien.<\/p>","protected":false},"excerpt":{"rendered":"<p>Ce livre propose un voyage passionnant au c\u0153ur de la cr\u00e9ativit\u00e9. \u00c0 travers des exemples pratiques, des exercices et des conseils d\u2019experts, il aide les lecteurs \u00e0 : D\u00e9velopper leur pens\u00e9e originale Surmonter les blocages cr\u00e9atifs Transformer leurs id\u00e9es en &hellip; <a href=\"https:\/\/bindicumpra.com\/en\/product-2\/les-secrets-de-la-creativite\/\">Readmore<\/a><\/p>","protected":false},"featured_media":10441,"comment_status":"open","ping_status":"closed","template":"","meta":[],"product_cat":[15],"product_tag":[106],"class_list":{"0":"post-10440","1":"product","2":"type-product","3":"status-publish","4":"has-post-thumbnail","6":"product_cat-non-classe","7":"product_tag-education","9":"first","10":"instock","11":"shipping-taxable","12":"purchasable","13":"product-type-simple"},"_links":{"self":[{"href":"https:\/\/bindicumpra.com\/en\/wp-json\/wp\/v2\/product\/10440","targetHints":{"allow":["GET"]}}],"collection":[{"href":"https:\/\/bindicumpra.com\/en\/wp-json\/wp\/v2\/product"}],"about":[{"href":"https:\/\/bindicumpra.com\/en\/wp-json\/wp\/v2\/types\/product"}],"replies":[{"embeddable":true,"href":"https:\/\/bindicumpra.com\/en\/wp-json\/wp\/v2\/comments?post=10440"}],"wp:featuredmedia":[{"embeddable":true,"href":"https:\/\/bindicumpra.com\/en\/wp-json\/wp\/v2\/media\/10441"}],"wp:attachment":[{"href":"https:\/\/bindicumpra.com\/en\/wp-json\/wp\/v2\/media?parent=10440"}],"wp:term":[{"taxonomy":"product_cat","embeddable":true,"href":"https:\/\/bindicumpra.com\/en\/wp-json\/wp\/v2\/product_cat?post=10440"},{"taxonomy":"product_tag","embeddable":true,"href":"https:\/\/bindicumpra.com\/en\/wp-json\/wp\/v2\/product_tag?post=10440"}],"curies":[{"name":"wp","href":"https:\/\/api.w.org\/{rel}","templated":true}]}}